{"id":2042,"date":"2024-09-04T20:36:06","date_gmt":"2024-09-04T18:36:06","guid":{"rendered":"https:\/\/area.swishbynbn23.com\/centro-de-noticias\/"},"modified":"2024-09-12T11:42:05","modified_gmt":"2024-09-12T09:42:05","slug":"centro-de-noticias","status":"publish","type":"page","link":"https:\/\/www.area.swishbynbn23.com\/pt-pt\/centro-de-noticias\/","title":{"rendered":"Eurocopa"},"content":{"rendered":"\n<div class=\"wp-block-group alignfull has-custom-grey-100-color has-custom-grey-800-background-color has-text-color has-background has-link-color wp-elements-157f62f9fcaae6902df6c9322ff5ab09 has-global-padding is-layout-constrained wp-container-core-group-is-layout-5163656a wp-block-group-is-layout-constrained\" id=\"Banner\" style=\"min-height:400px;margin-bottom:var(--wp--preset--spacing--70);padding-top:var(--wp--preset--spacing--70);padding-right:var(--wp--preset--spacing--70);padding-bottom:var(--wp--preset--spacing--70);padding-left:var(--wp--preset--spacing--70)\">\n<div class=\"wp-block-group is-horizontal is-content-justification-center is-nowrap is-layout-flex wp-container-core-group-is-layout-2256e7f1 wp-block-group-is-layout-flex\">\n<div class=\"wp-block-group has-custom-white-color has-text-color has-link-color wp-elements-9752b6ca8b16947f5fe1632e6d78bfc4 has-global-padding is-content-justification-center is-layout-constrained wp-container-core-group-is-layout-9ac32960 wp-block-group-is-layout-constrained\" style=\"padding-top:var(--wp--preset--spacing--50);padding-right:var(--wp--preset--spacing--50);padding-bottom:var(--wp--preset--spacing--50);padding-left:var(--wp--preset--spacing--50)\">\n<h1 class=\"wp-block-heading has-text-align-center\" style=\"text-transform:uppercase\"><br\/>N\u00c3O PERCAS AS \u00daLTIMAS NOT\u00cdCIAS SOBRE BASQUETEBOL<\/h1>\n\n\n\n<p class=\"has-text-align-center is-style-default\">Ainda n\u00e3o ouviste falar?\n <br\/>Visita o nosso portal de not\u00edcias e fica a saber as \u00faltimas novidades. <\/p>\n<\/div>\n<\/div>\n\n\n\n<div class=\"wp-block-buttons is-content-justification-center is-layout-flex wp-container-core-buttons-is-layout-a89b3969 wp-block-buttons-is-layout-flex\">\n<div class=\"wp-block-button\"><a class=\"wp-block-button__link wp-element-button\" href=\"https:\/\/www.area.swishbynbn23.com\/pt-pt\/centro-de-noticias\/\">EUROCUP<\/a><\/div>\n\n\n\n<div class=\"wp-block-button\"><a class=\"wp-block-button__link wp-element-button\" href=\"https:\/\/www.area.swishbynbn23.com\/pt-pt\/as\/\">ACB<\/a><\/div>\n\n\n\n<div class=\"wp-block-button\"><a class=\"wp-block-button__link wp-element-button\" href=\"https:\/\/www.area.swishbynbn23.com\/pt-pt\/nba\/\">NBA<\/a><\/div>\n<\/div>\n<\/div>\n<div class='feedzy-lazy' data-feeds=\"https:\/\/e00-marca.uecdn.es\/rss\/baloncesto\/eurocup.xml\"data-max=\"9\"data-feed_title=\"\"data-target=\"_blank\"data-follow=\"no\"data-title=\"100\"data-meta=\"yes\"data-multiple_meta=\"no\"data-summary=\"yes\"data-summarylength=\"120\"data-thumb=\"yes\"data-default=\"https:\/\/www.area.swishbynbn23.com\/wp-content\/uploads\/2024\/07\/swish-gold-one.jpeg\"data-size=\"150\"data-aspectRatio=\"1\"data-keywords_title=\"\"data-keywords_inc=\"\"data-keywords_inc_on=\"title\"data-keywords_exc_on=\"title\"data-refresh=\"3_hours\"data-sort=\"\"data-http=\"https\"data-error_empty=\"\"data-amp=\"yes\"data-offset=\"0\"data-lazy=\"1\"data-_dryrun_=\"no\"data-_dry_run_tags_=\"\"data-from_datetime=\"\"data-to_datetime=\"\"data-disable_default_style=\"yes\"data-filters=\"\"data-classname=\"basketnews\"data-categories=\"\"data-className=\"basketnews\"data-price=\"yes\"data-columns=\"1\"data-template=\"default\"data-itemTitle=\"1\"data-disableStyle=\"\"data-nonce=\"1d12ba7922\">A carregar&#8230;<\/div>\n<div class=\"wp-block-group has-global-padding is-layout-constrained wp-block-group-is-layout-constrained\" style=\"margin-top:var(--wp--preset--spacing--70);margin-bottom:var(--wp--preset--spacing--70);padding-top:var(--wp--preset--spacing--70);padding-bottom:var(--wp--preset--spacing--70)\">\n<h4 class=\"wp-block-heading has-text-align-center\" style=\"margin-top:var(--wp--preset--spacing--70);margin-bottom:var(--wp--preset--spacing--70)\">SEGUE O BASQUETEBOL N\u00c3O PROFISSIONAL E DESFRUTA DE TODAS AS VANTAGENS PREMIUM DA SWISH<\/h4>\n\n\n\n<div class=\"wp-block-columns is-layout-flex wp-container-core-columns-is-layout-ce8349d3 wp-block-columns-is-layout-flex\" style=\"margin-top:0;margin-bottom:0;padding-top:0;padding-right:0;padding-bottom:0;padding-left:0\">\n<div class=\"wp-block-column is-layout-flow wp-block-column-is-layout-flow\">\n<div class=\"wp-block-group has-custom-grey-100-background-color has-background is-vertical is-content-justification-center is-layout-flex wp-container-core-group-is-layout-20e8d2c1 wp-block-group-is-layout-flex\" style=\"border-radius:8px;min-height:100%;padding-top:var(--wp--preset--spacing--50);padding-right:var(--wp--preset--spacing--50);padding-bottom:var(--wp--preset--spacing--50);padding-left:var(--wp--preset--spacing--50)\">\n<figure class=\"wp-block-image size-large\"><img loading=\"lazy\" decoding=\"async\" width=\"22\" height=\"22\" src=\"https:\/\/www.area.swishbynbn23.com\/wp-content\/uploads\/2024\/05\/swish-sin-limites-ico.svg\" alt=\"\" class=\"wp-image-502\"\/><\/figure>\n\n\n\n<h4 class=\"wp-block-heading has-text-align-center\">Sem limites<\/h4>\n\n\n\n<p class=\"has-text-align-center\">Desbloqueia a utiliza\u00e7\u00e3o total do SWISH com o teu plano de subscri\u00e7\u00e3o<\/p>\n<\/div>\n<\/div>\n\n\n\n<div class=\"wp-block-column is-layout-flow wp-block-column-is-layout-flow\">\n<div class=\"wp-block-group has-custom-grey-100-background-color has-background is-vertical is-content-justification-center is-layout-flex wp-container-core-group-is-layout-20e8d2c1 wp-block-group-is-layout-flex\" style=\"border-radius:8px;min-height:100%;padding-top:var(--wp--preset--spacing--50);padding-right:var(--wp--preset--spacing--50);padding-bottom:var(--wp--preset--spacing--50);padding-left:var(--wp--preset--spacing--50)\">\n<figure class=\"wp-block-image size-large\"><img loading=\"lazy\" decoding=\"async\" width=\"24\" height=\"24\" src=\"https:\/\/www.area.swishbynbn23.com\/wp-content\/uploads\/2024\/05\/swish-sin-permanencia-ico.svg\" alt=\"\" class=\"wp-image-501\"\/><\/figure>\n\n\n\n<h4 class=\"wp-block-heading has-text-align-center\">Sem perman\u00eancia<\/h4>\n\n\n\n<p class=\"has-text-align-center\">Os planos de subscri\u00e7\u00e3o n\u00e3o t\u00eam car\u00e1cter permanente.\nCancela quando quiseres. <\/p>\n<\/div>\n<\/div>\n\n\n\n<div class=\"wp-block-column is-layout-flow wp-block-column-is-layout-flow\">\n<div class=\"wp-block-group has-custom-grey-100-background-color has-background is-vertical is-content-justification-center is-layout-flex wp-container-core-group-is-layout-20e8d2c1 wp-block-group-is-layout-flex\" style=\"border-radius:8px;min-height:100%;padding-top:var(--wp--preset--spacing--50);padding-right:var(--wp--preset--spacing--50);padding-bottom:var(--wp--preset--spacing--50);padding-left:var(--wp--preset--spacing--50)\">\n<figure class=\"wp-block-image size-large\"><img loading=\"lazy\" decoding=\"async\" width=\"24\" height=\"24\" src=\"https:\/\/www.area.swishbynbn23.com\/wp-content\/uploads\/2024\/05\/swish-global-ico.svg\" alt=\"\" class=\"wp-image-500\"\/><\/figure>\n\n\n\n<h4 class=\"wp-block-heading has-text-align-center\">Global<\/h4>\n\n\n\n<p class=\"has-text-align-center\">Temos jogos em mais de 60 pa\u00edses.\nSegue o basquetebol em todo o mundo. <\/p>\n<\/div>\n<\/div>\n\n\n\n<div class=\"wp-block-column is-layout-flow wp-block-column-is-layout-flow\">\n<div class=\"wp-block-group has-custom-grey-100-background-color has-background is-vertical is-content-justification-center is-layout-flex wp-container-core-group-is-layout-20e8d2c1 wp-block-group-is-layout-flex\" style=\"border-radius:8px;min-height:100%;padding-top:var(--wp--preset--spacing--50);padding-right:var(--wp--preset--spacing--50);padding-bottom:var(--wp--preset--spacing--50);padding-left:var(--wp--preset--spacing--50)\">\n<figure class=\"wp-block-image size-large\"><img loading=\"lazy\" decoding=\"async\" width=\"24\" height=\"24\" src=\"https:\/\/www.area.swishbynbn23.com\/wp-content\/uploads\/2024\/05\/swish-en-vivo-ico.svg\" alt=\"\" class=\"wp-image-499\"\/><\/figure>\n\n\n\n<h4 class=\"wp-block-heading has-text-align-center\">Vive<\/h4>\n\n\n\n<p class=\"has-text-align-center\">Segue o jogo em direto a partir de qualquer lugar e n\u00e3o percas nada.<\/p>\n<\/div>\n<\/div>\n<\/div>\n\n\n\n<div class=\"wp-block-buttons is-content-justification-center is-layout-flex wp-container-core-buttons-is-layout-31558199 wp-block-buttons-is-layout-flex\" style=\"margin-top:var(--wp--preset--spacing--70);margin-bottom:var(--wp--preset--spacing--70)\">\n<div class=\"wp-block-button\"><a class=\"wp-block-button__link wp-element-button\">Cria a tua conta gratuita<\/a><\/div>\n<\/div>\n<\/div>\n","protected":false},"excerpt":{"rendered":"<p>N\u00c3O PERCAS AS \u00daLTIMAS NOT\u00cdCIAS SOBRE BASQUETEBOL Ainda n\u00e3o ouviste falar? Visita o nosso portal de not\u00edcias e fica a saber as \u00faltimas novidades. SEGUE O BASQUETEBOL N\u00c3O PROFISSIONAL E DESFRUTA DE TODAS AS VANTAGENS PREMIUM DA SWISH Sem limites Desbloqueia a utiliza\u00e7\u00e3o total do SWISH com o teu plano de subscri\u00e7\u00e3o Sem perman\u00eancia Os planos de subscri\u00e7\u00e3o n\u00e3o t\u00eam car\u00e1cter permanente. Cancela quando quiseres. Global Temos jogos em mais de 60 pa\u00edses. Segue o basquetebol em todo o mundo. Vive Segue o jogo em <a class=\"read-more\" href=\"https:\/\/www.area.swishbynbn23.com\/pt-pt\/centro-de-noticias\/\">Continue lendo <span class=\"meta-nav\">&rarr;<\/span><\/a><\/p>\n","protected":false},"author":1,"featured_media":0,"parent":0,"menu_order":41,"comment_status":"closed","ping_status":"closed","template":"","meta":{"inline_featured_image":false,"footnotes":""},"class_list":["post-2042","page","type-page","status-publish","hentry"],"yoast_head":"<!-- This site is optimized with the Yoast SEO plugin v27.3 - https:\/\/yoast.com\/product\/yoast-seo-wordpress\/ -->\n<title>Eurocopa - Swisharea<\/title>\n<meta name=\"robots\" content=\"index, follow, max-snippet:-1, max-image-preview:large, max-video-preview:-1\" \/>\n<link rel=\"canonical\" href=\"https:\/\/www.area.swishbynbn23.com\/pt-pt\/centro-de-noticias\/\" \/>\n<meta property=\"og:locale\" content=\"pt_PT\" \/>\n<meta property=\"og:type\" content=\"article\" \/>\n<meta property=\"og:title\" content=\"Eurocopa - Swisharea\" \/>\n<meta property=\"og:description\" content=\"N\u00c3O PERCAS AS \u00daLTIMAS NOT\u00cdCIAS SOBRE BASQUETEBOL Ainda n\u00e3o ouviste falar? Visita o nosso portal de not\u00edcias e fica a saber as \u00faltimas novidades. SEGUE O BASQUETEBOL N\u00c3O PROFISSIONAL E DESFRUTA DE TODAS AS VANTAGENS PREMIUM DA SWISH Sem limites Desbloqueia a utiliza\u00e7\u00e3o total do SWISH com o teu plano de subscri\u00e7\u00e3o Sem perman\u00eancia Os planos de subscri\u00e7\u00e3o n\u00e3o t\u00eam car\u00e1cter permanente. Cancela quando quiseres. Global Temos jogos em mais de 60 pa\u00edses. Segue o basquetebol em todo o mundo. Vive Segue o jogo em Continue lendo &rarr;\" \/>\n<meta property=\"og:url\" content=\"https:\/\/www.area.swishbynbn23.com\/pt-pt\/centro-de-noticias\/\" \/>\n<meta property=\"og:site_name\" content=\"Swisharea\" \/>\n<meta property=\"article:modified_time\" content=\"2024-09-12T09:42:05+00:00\" \/>\n<meta property=\"og:image\" content=\"https:\/\/www.area.swishbynbn23.com\/wp-content\/uploads\/2024\/05\/swish-sin-limites-ico.svg\" \/>\n<meta name=\"twitter:card\" content=\"summary_large_image\" \/>\n<meta name=\"twitter:label1\" content=\"Tempo estimado de leitura\" \/>\n\t<meta name=\"twitter:data1\" content=\"1 minuto\" \/>\n<script type=\"application\/ld+json\" class=\"yoast-schema-graph\">{\"@context\":\"https:\\\/\\\/schema.org\",\"@graph\":[{\"@type\":\"WebPage\",\"@id\":\"https:\\\/\\\/www.area.swishbynbn23.com\\\/pt-pt\\\/centro-de-noticias\\\/\",\"url\":\"https:\\\/\\\/www.area.swishbynbn23.com\\\/pt-pt\\\/centro-de-noticias\\\/\",\"name\":\"Eurocopa - Swisharea\",\"isPartOf\":{\"@id\":\"https:\\\/\\\/www.area.swishbynbn23.com\\\/pt-pt\\\/#website\"},\"primaryImageOfPage\":{\"@id\":\"https:\\\/\\\/www.area.swishbynbn23.com\\\/pt-pt\\\/centro-de-noticias\\\/#primaryimage\"},\"image\":{\"@id\":\"https:\\\/\\\/www.area.swishbynbn23.com\\\/pt-pt\\\/centro-de-noticias\\\/#primaryimage\"},\"thumbnailUrl\":\"https:\\\/\\\/www.area.swishbynbn23.com\\\/wp-content\\\/uploads\\\/2024\\\/05\\\/swish-sin-limites-ico.svg\",\"datePublished\":\"2024-09-04T18:36:06+00:00\",\"dateModified\":\"2024-09-12T09:42:05+00:00\",\"breadcrumb\":{\"@id\":\"https:\\\/\\\/www.area.swishbynbn23.com\\\/pt-pt\\\/centro-de-noticias\\\/#breadcrumb\"},\"inLanguage\":\"pt-PT\",\"potentialAction\":[{\"@type\":\"ReadAction\",\"target\":[\"https:\\\/\\\/www.area.swishbynbn23.com\\\/pt-pt\\\/centro-de-noticias\\\/\"]}]},{\"@type\":\"ImageObject\",\"inLanguage\":\"pt-PT\",\"@id\":\"https:\\\/\\\/www.area.swishbynbn23.com\\\/pt-pt\\\/centro-de-noticias\\\/#primaryimage\",\"url\":\"https:\\\/\\\/www.area.swishbynbn23.com\\\/wp-content\\\/uploads\\\/2024\\\/05\\\/swish-sin-limites-ico.svg\",\"contentUrl\":\"https:\\\/\\\/www.area.swishbynbn23.com\\\/wp-content\\\/uploads\\\/2024\\\/05\\\/swish-sin-limites-ico.svg\"},{\"@type\":\"BreadcrumbList\",\"@id\":\"https:\\\/\\\/www.area.swishbynbn23.com\\\/pt-pt\\\/centro-de-noticias\\\/#breadcrumb\",\"itemListElement\":[{\"@type\":\"ListItem\",\"position\":1,\"name\":\"Portada\",\"item\":\"https:\\\/\\\/www.area.swishbynbn23.com\\\/pt-pt\\\/\"},{\"@type\":\"ListItem\",\"position\":2,\"name\":\"Eurocopa\"}]},{\"@type\":\"WebSite\",\"@id\":\"https:\\\/\\\/www.area.swishbynbn23.com\\\/pt-pt\\\/#website\",\"url\":\"https:\\\/\\\/www.area.swishbynbn23.com\\\/pt-pt\\\/\",\"name\":\"Swisharea.com\",\"description\":\"Sigue el baloncesto amater en vivo\",\"publisher\":{\"@id\":\"https:\\\/\\\/www.area.swishbynbn23.com\\\/pt-pt\\\/#organization\"},\"potentialAction\":[{\"@type\":\"SearchAction\",\"target\":{\"@type\":\"EntryPoint\",\"urlTemplate\":\"https:\\\/\\\/www.area.swishbynbn23.com\\\/pt-pt\\\/?s={search_term_string}\"},\"query-input\":{\"@type\":\"PropertyValueSpecification\",\"valueRequired\":true,\"valueName\":\"search_term_string\"}}],\"inLanguage\":\"pt-PT\"},{\"@type\":\"Organization\",\"@id\":\"https:\\\/\\\/www.area.swishbynbn23.com\\\/pt-pt\\\/#organization\",\"name\":\"NBN23\",\"url\":\"https:\\\/\\\/www.area.swishbynbn23.com\\\/pt-pt\\\/\",\"logo\":{\"@type\":\"ImageObject\",\"inLanguage\":\"pt-PT\",\"@id\":\"https:\\\/\\\/www.area.swishbynbn23.com\\\/pt-pt\\\/#\\\/schema\\\/logo\\\/image\\\/\",\"url\":\"https:\\\/\\\/www.area.swishbynbn23.com\\\/wp-content\\\/uploads\\\/2024\\\/08\\\/logo-swish-pay-dark.png\",\"contentUrl\":\"https:\\\/\\\/www.area.swishbynbn23.com\\\/wp-content\\\/uploads\\\/2024\\\/08\\\/logo-swish-pay-dark.png\",\"width\":249,\"height\":40,\"caption\":\"NBN23\"},\"image\":{\"@id\":\"https:\\\/\\\/www.area.swishbynbn23.com\\\/pt-pt\\\/#\\\/schema\\\/logo\\\/image\\\/\"}}]}<\/script>\n<!-- \/ Yoast SEO plugin. -->","yoast_head_json":{"title":"Eurocopa - Swisharea","robots":{"index":"index","follow":"follow","max-snippet":"max-snippet:-1","max-image-preview":"max-image-preview:large","max-video-preview":"max-video-preview:-1"},"canonical":"https:\/\/www.area.swishbynbn23.com\/pt-pt\/centro-de-noticias\/","og_locale":"pt_PT","og_type":"article","og_title":"Eurocopa - Swisharea","og_description":"N\u00c3O PERCAS AS \u00daLTIMAS NOT\u00cdCIAS SOBRE BASQUETEBOL Ainda n\u00e3o ouviste falar? Visita o nosso portal de not\u00edcias e fica a saber as \u00faltimas novidades. SEGUE O BASQUETEBOL N\u00c3O PROFISSIONAL E DESFRUTA DE TODAS AS VANTAGENS PREMIUM DA SWISH Sem limites Desbloqueia a utiliza\u00e7\u00e3o total do SWISH com o teu plano de subscri\u00e7\u00e3o Sem perman\u00eancia Os planos de subscri\u00e7\u00e3o n\u00e3o t\u00eam car\u00e1cter permanente. Cancela quando quiseres. Global Temos jogos em mais de 60 pa\u00edses. Segue o basquetebol em todo o mundo. Vive Segue o jogo em Continue lendo &rarr;","og_url":"https:\/\/www.area.swishbynbn23.com\/pt-pt\/centro-de-noticias\/","og_site_name":"Swisharea","article_modified_time":"2024-09-12T09:42:05+00:00","og_image":[{"url":"https:\/\/www.area.swishbynbn23.com\/wp-content\/uploads\/2024\/05\/swish-sin-limites-ico.svg","type":"","width":"","height":""}],"twitter_card":"summary_large_image","twitter_misc":{"Tempo estimado de leitura":"1 minuto"},"schema":{"@context":"https:\/\/schema.org","@graph":[{"@type":"WebPage","@id":"https:\/\/www.area.swishbynbn23.com\/pt-pt\/centro-de-noticias\/","url":"https:\/\/www.area.swishbynbn23.com\/pt-pt\/centro-de-noticias\/","name":"Eurocopa - Swisharea","isPartOf":{"@id":"https:\/\/www.area.swishbynbn23.com\/pt-pt\/#website"},"primaryImageOfPage":{"@id":"https:\/\/www.area.swishbynbn23.com\/pt-pt\/centro-de-noticias\/#primaryimage"},"image":{"@id":"https:\/\/www.area.swishbynbn23.com\/pt-pt\/centro-de-noticias\/#primaryimage"},"thumbnailUrl":"https:\/\/www.area.swishbynbn23.com\/wp-content\/uploads\/2024\/05\/swish-sin-limites-ico.svg","datePublished":"2024-09-04T18:36:06+00:00","dateModified":"2024-09-12T09:42:05+00:00","breadcrumb":{"@id":"https:\/\/www.area.swishbynbn23.com\/pt-pt\/centro-de-noticias\/#breadcrumb"},"inLanguage":"pt-PT","potentialAction":[{"@type":"ReadAction","target":["https:\/\/www.area.swishbynbn23.com\/pt-pt\/centro-de-noticias\/"]}]},{"@type":"ImageObject","inLanguage":"pt-PT","@id":"https:\/\/www.area.swishbynbn23.com\/pt-pt\/centro-de-noticias\/#primaryimage","url":"https:\/\/www.area.swishbynbn23.com\/wp-content\/uploads\/2024\/05\/swish-sin-limites-ico.svg","contentUrl":"https:\/\/www.area.swishbynbn23.com\/wp-content\/uploads\/2024\/05\/swish-sin-limites-ico.svg"},{"@type":"BreadcrumbList","@id":"https:\/\/www.area.swishbynbn23.com\/pt-pt\/centro-de-noticias\/#breadcrumb","itemListElement":[{"@type":"ListItem","position":1,"name":"Portada","item":"https:\/\/www.area.swishbynbn23.com\/pt-pt\/"},{"@type":"ListItem","position":2,"name":"Eurocopa"}]},{"@type":"WebSite","@id":"https:\/\/www.area.swishbynbn23.com\/pt-pt\/#website","url":"https:\/\/www.area.swishbynbn23.com\/pt-pt\/","name":"Swisharea.com","description":"Sigue el baloncesto amater en vivo","publisher":{"@id":"https:\/\/www.area.swishbynbn23.com\/pt-pt\/#organization"},"potentialAction":[{"@type":"SearchAction","target":{"@type":"EntryPoint","urlTemplate":"https:\/\/www.area.swishbynbn23.com\/pt-pt\/?s={search_term_string}"},"query-input":{"@type":"PropertyValueSpecification","valueRequired":true,"valueName":"search_term_string"}}],"inLanguage":"pt-PT"},{"@type":"Organization","@id":"https:\/\/www.area.swishbynbn23.com\/pt-pt\/#organization","name":"NBN23","url":"https:\/\/www.area.swishbynbn23.com\/pt-pt\/","logo":{"@type":"ImageObject","inLanguage":"pt-PT","@id":"https:\/\/www.area.swishbynbn23.com\/pt-pt\/#\/schema\/logo\/image\/","url":"https:\/\/www.area.swishbynbn23.com\/wp-content\/uploads\/2024\/08\/logo-swish-pay-dark.png","contentUrl":"https:\/\/www.area.swishbynbn23.com\/wp-content\/uploads\/2024\/08\/logo-swish-pay-dark.png","width":249,"height":40,"caption":"NBN23"},"image":{"@id":"https:\/\/www.area.swishbynbn23.com\/pt-pt\/#\/schema\/logo\/image\/"}}]}},"_links":{"self":[{"href":"https:\/\/www.area.swishbynbn23.com\/pt-pt\/wp-json\/wp\/v2\/pages\/2042","targetHints":{"allow":["GET"]}}],"collection":[{"href":"https:\/\/www.area.swishbynbn23.com\/pt-pt\/wp-json\/wp\/v2\/pages"}],"about":[{"href":"https:\/\/www.area.swishbynbn23.com\/pt-pt\/wp-json\/wp\/v2\/types\/page"}],"author":[{"embeddable":true,"href":"https:\/\/www.area.swishbynbn23.com\/pt-pt\/wp-json\/wp\/v2\/users\/1"}],"replies":[{"embeddable":true,"href":"https:\/\/www.area.swishbynbn23.com\/pt-pt\/wp-json\/wp\/v2\/comments?post=2042"}],"version-history":[{"count":10,"href":"https:\/\/www.area.swishbynbn23.com\/pt-pt\/wp-json\/wp\/v2\/pages\/2042\/revisions"}],"predecessor-version":[{"id":2533,"href":"https:\/\/www.area.swishbynbn23.com\/pt-pt\/wp-json\/wp\/v2\/pages\/2042\/revisions\/2533"}],"wp:attachment":[{"href":"https:\/\/www.area.swishbynbn23.com\/pt-pt\/wp-json\/wp\/v2\/media?parent=2042"}],"curies":[{"name":"wp","href":"https:\/\/api.w.org\/{rel}","templated":true}]}}