{"id":2085,"date":"2024-08-16T10:21:34","date_gmt":"2024-08-16T08:21:34","guid":{"rendered":"https:\/\/area.swishbynbn23.com\/politica-de-pagamento\/"},"modified":"2024-09-10T12:56:59","modified_gmt":"2024-09-10T10:56:59","slug":"politica-de-pagamento","status":"publish","type":"page","link":"https:\/\/www.area.swishbynbn23.com\/pt-pt\/politica-de-pagamento\/","title":{"rendered":"Pol\u00edtica de pagamento"},"content":{"rendered":"\n<div class=\"wp-block-group alignfull has-custom-grey-100-color has-custom-grey-800-background-color has-text-color has-background has-link-color wp-elements-aed53f3cdeba35d5a9ca39580660a3c4 has-global-padding is-layout-constrained wp-container-core-group-is-layout-5163656a wp-block-group-is-layout-constrained\" id=\"Banner\" style=\"min-height:100px;margin-bottom:var(--wp--preset--spacing--70);padding-top:var(--wp--preset--spacing--70);padding-right:var(--wp--preset--spacing--70);padding-bottom:var(--wp--preset--spacing--70);padding-left:var(--wp--preset--spacing--70)\">\n<div class=\"wp-block-group is-horizontal is-content-justification-center is-nowrap is-layout-flex wp-container-core-group-is-layout-2256e7f1 wp-block-group-is-layout-flex\">\n<div class=\"wp-block-group has-custom-white-color has-text-color has-link-color wp-elements-aa0e8d20fafad7bd996cdfaa5600fb17 has-global-padding is-content-justification-center is-layout-constrained wp-container-core-group-is-layout-9ac32960 wp-block-group-is-layout-constrained\" style=\"padding-top:var(--wp--preset--spacing--50);padding-right:var(--wp--preset--spacing--50);padding-bottom:var(--wp--preset--spacing--50);padding-left:var(--wp--preset--spacing--50)\">\n<h1 class=\"wp-block-heading has-text-align-center\" style=\"text-transform:uppercase\">POL\u00cdTICA DE PAGAMENTO<\/h1>\n<\/div>\n<\/div>\n<\/div>\n\n<p><strong>1. introdu\u00e7\u00e3o<\/strong><\/p>\n\n<p>A presente Pol\u00edtica de Pagamentos estabelece os termos e condi\u00e7\u00f5es relativos aos pagamentos na NBN23 (&#8220;n\u00f3s&#8221;, &#8220;nos&#8221;, &#8220;nosso&#8221; ou &#8220;nos&#8221;).\nAo subscrever os nossos servi\u00e7os atrav\u00e9s do nosso s\u00edtio Web (&#8220;www.swisharea.com&#8221;), aceita ficar vinculado \u00e0 presente Pol\u00edtica de Pagamentos. <\/p>\n\n<p><strong>2) M\u00e9todos de pagamento<\/strong><\/p>\n\n<p>2.1.\nM\u00e9todos Aceptados: <\/p>\n\n<p>Aceitamos os seguintes m\u00e9todos de pagamento para a compra de assinaturas:<\/p>\n\n<ul class=\"wp-block-list\">\n<li>Cart\u00f5es de cr\u00e9dito (Visa, MasterCard, American Express, etc.)<\/li>\n\n\n\n<li>Cart\u00f5es de d\u00e9bito<\/li>\n\n\n\n<li>Stripe<\/li>\n<\/ul>\n\n<p>2.2.\nInformaci\u00f3n de Pago: <\/p>\n\n<p>Tens de fornecer informa\u00e7\u00f5es de pagamento v\u00e1lidas e exactas.\nAo enviares as informa\u00e7\u00f5es de pagamento, autorizas o NBN23 a cobrar o montante total da subscri\u00e7\u00e3o utilizando o m\u00e9todo de pagamento selecionado. <\/p>\n\n<p>Quando utilizares o POS Virtual para efetuar um pagamento com cart\u00e3o, ser\u00e1s redireccionado para uma p\u00e1gina controlada pelo Banco para efetuar o pagamento atrav\u00e9s da sua plataforma de pagamento.\nAssim, informamos-te que o POS Virtual do Banco integra a funcionalidade de Com\u00e9rcio Eletr\u00f3nico Seguro (CES) durante o processo do comprador como leg\u00edtimo titular do cart\u00e3o, a fim de proporcionar um elevado n\u00edvel de seguran\u00e7a e prote\u00e7\u00e3o do pagamento no processo de compra.\nDurante a transa\u00e7\u00e3o de pagamento eletr\u00f3nico, o Banco recolhe informa\u00e7\u00f5es relativas \u00e0 liga\u00e7\u00e3o e ao endere\u00e7o IP, informa\u00e7\u00f5es do dispositivo, endere\u00e7o de e-mail, telem\u00f3vel, dados de navega\u00e7\u00e3o e dados de transa\u00e7\u00e3o, bem como outros dados acess\u00edveis da liga\u00e7\u00e3o online e do canal exigidos pelos protocolos de seguran\u00e7a VISA Secure \/ Mastercard Identity Check, a fim de detetar e prevenir transac\u00e7\u00f5es de pagamento n\u00e3o autorizadas ou fraudulentas.  <\/p>\n\n<p><strong>3. Processo de fatura\u00e7\u00e3o<\/strong><\/p>\n\n<p>3.1.\nFacturaci\u00f3n Recurrente: <\/p>\n\n<p>As assinaturas s\u00e3o facturadas numa base recorrente, de acordo com o plano selecionado (mensal, anual, etc.).\nA fatura\u00e7\u00e3o \u00e9 efectuada no in\u00edcio de cada per\u00edodo de subscri\u00e7\u00e3o. <\/p>\n\n<p>3.2.\nFecha de Facturaci\u00f3n: <\/p>\n\n<p>A data de fatura\u00e7\u00e3o ser\u00e1 a data em que a tua compra inicial for conclu\u00edda.\nSe essa data n\u00e3o existir nos meses seguintes, a fatura\u00e7\u00e3o ser\u00e1 efectuada no \u00faltimo dia do m\u00eas correspondente. <\/p>\n\n<p>3.3.\nConfirmaci\u00f3n de Pago: <\/p>\n\n<p>Ap\u00f3s cada pagamento, receber\u00e1s um e-mail de confirma\u00e7\u00e3o com os detalhes da transa\u00e7\u00e3o e da fatura\u00e7\u00e3o.\nRecomendamos que guardes este e-mail para refer\u00eancia futura. <\/p>\n\n<p><strong>4. Renova\u00e7\u00e3o e anula\u00e7\u00e3o<\/strong><\/p>\n\n<p>4.1.\nRenovaci\u00f3n Autom\u00e1tica: <\/p>\n\n<p>A tua subscri\u00e7\u00e3o ser\u00e1 renovada automaticamente no final de cada per\u00edodo de fatura\u00e7\u00e3o, exceto se cancelares antes da data de renova\u00e7\u00e3o.\nAp\u00f3s a renova\u00e7\u00e3o, ser-te-\u00e1 cobrada a taxa de subscri\u00e7\u00e3o em vigor na altura. <\/p>\n\n<p>O Cliente pode desativar a renova\u00e7\u00e3o autom\u00e1tica atrav\u00e9s da sua \u00e1rea de cliente.<\/p>\n\n<p>4.2.\nCancelaci\u00f3n de Suscripci\u00f3n: <\/p>\n\n<p>Podes cancelar a tua subscri\u00e7\u00e3o em qualquer altura atrav\u00e9s da tua conta no S\u00edtio.\nO cancelamento ter\u00e1 efeito no final do per\u00edodo de fatura\u00e7\u00e3o atual e n\u00e3o ser\u00e3o concedidos reembolsos por per\u00edodos de subscri\u00e7\u00e3o parcialmente utilizados. <\/p>\n\n<p><strong>5. Altera\u00e7\u00f5es de pre\u00e7os<\/strong><\/p>\n\n<p>5.1.\nNotificaci\u00f3n de Cambios: <\/p>\n\n<p>Reservamo-nos o direito de alterar os pre\u00e7os das subscri\u00e7\u00f5es em qualquer altura.\nNotificar-te-emos de quaisquer altera\u00e7\u00f5es de pre\u00e7os pelo menos 30 dias antes da sua entrada em vigor.\nOs novos pre\u00e7os aplicar-se-\u00e3o ao ciclo de fatura\u00e7\u00e3o seguinte ap\u00f3s a notifica\u00e7\u00e3o.  <\/p>\n\n<p>5.2.\nAceptaci\u00f3n de Cambios: <\/p>\n\n<p>Se n\u00e3o concordares com a altera\u00e7\u00e3o de pre\u00e7o, podes cancelar a tua subscri\u00e7\u00e3o antes de a altera\u00e7\u00e3o entrar em vigor.\nA tua utiliza\u00e7\u00e3o continuada dos Servi\u00e7os ap\u00f3s a data efectiva da altera\u00e7\u00e3o de pre\u00e7o constitui a tua aceita\u00e7\u00e3o do novo pre\u00e7o. <\/p>\n\n<p><strong>6. Reembolsos e lit\u00edgios de pagamento<\/strong><\/p>\n\n<p>A nossa pol\u00edtica <a href=\"https:\/\/www.area.swishbynbn23.com\/reembolso_devoluciones\/\">de<\/a> reembolso est\u00e1 detalhada na nossa <a href=\"https:\/\/www.area.swishbynbn23.com\/reembolso_devoluciones\/\">Pol\u00edtica de Devolu\u00e7\u00f5es e Reembolsos.<\/a><\/p>\n\n<p><strong>8. Contacta<\/strong><\/p>\n\n<p>Se tiveres alguma d\u00favida sobre esta Pol\u00edtica de Pagamento, contacta-nos atrav\u00e9s de:<\/p>\n\n<p>Correio eletr\u00f3nico: <a href=\"mailto:dpo@nbn23.com\">dpo@nbn23.com<\/a><\/p>\n\n<p>Endere\u00e7o: Avda.\nJuan de la Cierva y Codorniu, 27 Edificio Wellness 1 Planta 3 Parque tecnol\u00f3gico de Paterna (Valencia) <\/p>\n\n<p>Data de entrada em vigor: 1\/09\/2024<\/p>\n\n<p><\/p>\n\n<p><\/p>\n","protected":false},"excerpt":{"rendered":"<p>POL\u00cdTICA DE PAGAMENTO 1. introdu\u00e7\u00e3o A presente Pol\u00edtica de Pagamentos estabelece os termos e condi\u00e7\u00f5es relativos aos pagamentos na NBN23 (&#8220;n\u00f3s&#8221;, &#8220;nos&#8221;, &#8220;nosso&#8221; ou &#8220;nos&#8221;). Ao subscrever os nossos servi\u00e7os atrav\u00e9s do nosso s\u00edtio Web (&#8220;www.swisharea.com&#8221;), aceita ficar vinculado \u00e0 presente Pol\u00edtica de Pagamentos. 2) M\u00e9todos de pagamento 2.1. M\u00e9todos Aceptados: Aceitamos os seguintes m\u00e9todos de pagamento para a compra de assinaturas: 2.2. Informaci\u00f3n de Pago: Tens de fornecer informa\u00e7\u00f5es de pagamento v\u00e1lidas e exactas. Ao enviares as informa\u00e7\u00f5es de pagamento, autorizas o NBN23 a <a class=\"read-more\" href=\"https:\/\/www.area.swishbynbn23.com\/pt-pt\/politica-de-pagamento\/\">Continue lendo <span class=\"meta-nav\">&rarr;<\/span><\/a><\/p>\n","protected":false},"author":7,"featured_media":0,"parent":0,"menu_order":99,"comment_status":"closed","ping_status":"closed","template":"","meta":{"inline_featured_image":false,"footnotes":""},"class_list":["post-2085","page","type-page","status-publish","hentry"],"yoast_head":"<!-- This site is optimized with the Yoast SEO plugin v27.3 - https:\/\/yoast.com\/product\/yoast-seo-wordpress\/ -->\n<title>Pol\u00edtica de pagamento - Swisharea<\/title>\n<meta name=\"robots\" content=\"index, follow, max-snippet:-1, max-image-preview:large, max-video-preview:-1\" \/>\n<link rel=\"canonical\" href=\"https:\/\/www.area.swishbynbn23.com\/pt-pt\/politica-de-pagamento\/\" \/>\n<meta property=\"og:locale\" content=\"pt_PT\" \/>\n<meta property=\"og:type\" content=\"article\" \/>\n<meta property=\"og:title\" content=\"Pol\u00edtica de pagamento - Swisharea\" \/>\n<meta property=\"og:description\" content=\"POL\u00cdTICA DE PAGAMENTO 1. introdu\u00e7\u00e3o A presente Pol\u00edtica de Pagamentos estabelece os termos e condi\u00e7\u00f5es relativos aos pagamentos na NBN23 (&#8220;n\u00f3s&#8221;, &#8220;nos&#8221;, &#8220;nosso&#8221; ou &#8220;nos&#8221;). Ao subscrever os nossos servi\u00e7os atrav\u00e9s do nosso s\u00edtio Web (&#8220;www.swisharea.com&#8221;), aceita ficar vinculado \u00e0 presente Pol\u00edtica de Pagamentos. 2) M\u00e9todos de pagamento 2.1. M\u00e9todos Aceptados: Aceitamos os seguintes m\u00e9todos de pagamento para a compra de assinaturas: 2.2. Informaci\u00f3n de Pago: Tens de fornecer informa\u00e7\u00f5es de pagamento v\u00e1lidas e exactas. Ao enviares as informa\u00e7\u00f5es de pagamento, autorizas o NBN23 a Continue lendo &rarr;\" \/>\n<meta property=\"og:url\" content=\"https:\/\/www.area.swishbynbn23.com\/pt-pt\/politica-de-pagamento\/\" \/>\n<meta property=\"og:site_name\" content=\"Swisharea\" \/>\n<meta property=\"article:modified_time\" content=\"2024-09-10T10:56:59+00:00\" \/>\n<meta name=\"twitter:card\" content=\"summary_large_image\" \/>\n<meta name=\"twitter:label1\" content=\"Tempo estimado de leitura\" \/>\n\t<meta name=\"twitter:data1\" content=\"4 minutos\" \/>\n<script type=\"application\/ld+json\" class=\"yoast-schema-graph\">{\"@context\":\"https:\\\/\\\/schema.org\",\"@graph\":[{\"@type\":\"WebPage\",\"@id\":\"https:\\\/\\\/www.area.swishbynbn23.com\\\/pt-pt\\\/politica-de-pagamento\\\/\",\"url\":\"https:\\\/\\\/www.area.swishbynbn23.com\\\/pt-pt\\\/politica-de-pagamento\\\/\",\"name\":\"Pol\u00edtica de pagamento - Swisharea\",\"isPartOf\":{\"@id\":\"https:\\\/\\\/www.area.swishbynbn23.com\\\/pt-pt\\\/#website\"},\"datePublished\":\"2024-08-16T08:21:34+00:00\",\"dateModified\":\"2024-09-10T10:56:59+00:00\",\"breadcrumb\":{\"@id\":\"https:\\\/\\\/www.area.swishbynbn23.com\\\/pt-pt\\\/politica-de-pagamento\\\/#breadcrumb\"},\"inLanguage\":\"pt-PT\",\"potentialAction\":[{\"@type\":\"ReadAction\",\"target\":[\"https:\\\/\\\/www.area.swishbynbn23.com\\\/pt-pt\\\/politica-de-pagamento\\\/\"]}]},{\"@type\":\"BreadcrumbList\",\"@id\":\"https:\\\/\\\/www.area.swishbynbn23.com\\\/pt-pt\\\/politica-de-pagamento\\\/#breadcrumb\",\"itemListElement\":[{\"@type\":\"ListItem\",\"position\":1,\"name\":\"Portada\",\"item\":\"https:\\\/\\\/www.area.swishbynbn23.com\\\/pt-pt\\\/\"},{\"@type\":\"ListItem\",\"position\":2,\"name\":\"Pol\u00edtica de pagamento\"}]},{\"@type\":\"WebSite\",\"@id\":\"https:\\\/\\\/www.area.swishbynbn23.com\\\/pt-pt\\\/#website\",\"url\":\"https:\\\/\\\/www.area.swishbynbn23.com\\\/pt-pt\\\/\",\"name\":\"Swisharea.com\",\"description\":\"Sigue el baloncesto amater en vivo\",\"publisher\":{\"@id\":\"https:\\\/\\\/www.area.swishbynbn23.com\\\/pt-pt\\\/#organization\"},\"potentialAction\":[{\"@type\":\"SearchAction\",\"target\":{\"@type\":\"EntryPoint\",\"urlTemplate\":\"https:\\\/\\\/www.area.swishbynbn23.com\\\/pt-pt\\\/?s={search_term_string}\"},\"query-input\":{\"@type\":\"PropertyValueSpecification\",\"valueRequired\":true,\"valueName\":\"search_term_string\"}}],\"inLanguage\":\"pt-PT\"},{\"@type\":\"Organization\",\"@id\":\"https:\\\/\\\/www.area.swishbynbn23.com\\\/pt-pt\\\/#organization\",\"name\":\"NBN23\",\"url\":\"https:\\\/\\\/www.area.swishbynbn23.com\\\/pt-pt\\\/\",\"logo\":{\"@type\":\"ImageObject\",\"inLanguage\":\"pt-PT\",\"@id\":\"https:\\\/\\\/www.area.swishbynbn23.com\\\/pt-pt\\\/#\\\/schema\\\/logo\\\/image\\\/\",\"url\":\"https:\\\/\\\/www.area.swishbynbn23.com\\\/wp-content\\\/uploads\\\/2024\\\/08\\\/logo-swish-pay-dark.png\",\"contentUrl\":\"https:\\\/\\\/www.area.swishbynbn23.com\\\/wp-content\\\/uploads\\\/2024\\\/08\\\/logo-swish-pay-dark.png\",\"width\":249,\"height\":40,\"caption\":\"NBN23\"},\"image\":{\"@id\":\"https:\\\/\\\/www.area.swishbynbn23.com\\\/pt-pt\\\/#\\\/schema\\\/logo\\\/image\\\/\"}}]}<\/script>\n<!-- \/ Yoast SEO plugin. -->","yoast_head_json":{"title":"Pol\u00edtica de pagamento - Swisharea","robots":{"index":"index","follow":"follow","max-snippet":"max-snippet:-1","max-image-preview":"max-image-preview:large","max-video-preview":"max-video-preview:-1"},"canonical":"https:\/\/www.area.swishbynbn23.com\/pt-pt\/politica-de-pagamento\/","og_locale":"pt_PT","og_type":"article","og_title":"Pol\u00edtica de pagamento - Swisharea","og_description":"POL\u00cdTICA DE PAGAMENTO 1. introdu\u00e7\u00e3o A presente Pol\u00edtica de Pagamentos estabelece os termos e condi\u00e7\u00f5es relativos aos pagamentos na NBN23 (&#8220;n\u00f3s&#8221;, &#8220;nos&#8221;, &#8220;nosso&#8221; ou &#8220;nos&#8221;). Ao subscrever os nossos servi\u00e7os atrav\u00e9s do nosso s\u00edtio Web (&#8220;www.swisharea.com&#8221;), aceita ficar vinculado \u00e0 presente Pol\u00edtica de Pagamentos. 2) M\u00e9todos de pagamento 2.1. M\u00e9todos Aceptados: Aceitamos os seguintes m\u00e9todos de pagamento para a compra de assinaturas: 2.2. Informaci\u00f3n de Pago: Tens de fornecer informa\u00e7\u00f5es de pagamento v\u00e1lidas e exactas. Ao enviares as informa\u00e7\u00f5es de pagamento, autorizas o NBN23 a Continue lendo &rarr;","og_url":"https:\/\/www.area.swishbynbn23.com\/pt-pt\/politica-de-pagamento\/","og_site_name":"Swisharea","article_modified_time":"2024-09-10T10:56:59+00:00","twitter_card":"summary_large_image","twitter_misc":{"Tempo estimado de leitura":"4 minutos"},"schema":{"@context":"https:\/\/schema.org","@graph":[{"@type":"WebPage","@id":"https:\/\/www.area.swishbynbn23.com\/pt-pt\/politica-de-pagamento\/","url":"https:\/\/www.area.swishbynbn23.com\/pt-pt\/politica-de-pagamento\/","name":"Pol\u00edtica de pagamento - Swisharea","isPartOf":{"@id":"https:\/\/www.area.swishbynbn23.com\/pt-pt\/#website"},"datePublished":"2024-08-16T08:21:34+00:00","dateModified":"2024-09-10T10:56:59+00:00","breadcrumb":{"@id":"https:\/\/www.area.swishbynbn23.com\/pt-pt\/politica-de-pagamento\/#breadcrumb"},"inLanguage":"pt-PT","potentialAction":[{"@type":"ReadAction","target":["https:\/\/www.area.swishbynbn23.com\/pt-pt\/politica-de-pagamento\/"]}]},{"@type":"BreadcrumbList","@id":"https:\/\/www.area.swishbynbn23.com\/pt-pt\/politica-de-pagamento\/#breadcrumb","itemListElement":[{"@type":"ListItem","position":1,"name":"Portada","item":"https:\/\/www.area.swishbynbn23.com\/pt-pt\/"},{"@type":"ListItem","position":2,"name":"Pol\u00edtica de pagamento"}]},{"@type":"WebSite","@id":"https:\/\/www.area.swishbynbn23.com\/pt-pt\/#website","url":"https:\/\/www.area.swishbynbn23.com\/pt-pt\/","name":"Swisharea.com","description":"Sigue el baloncesto amater en vivo","publisher":{"@id":"https:\/\/www.area.swishbynbn23.com\/pt-pt\/#organization"},"potentialAction":[{"@type":"SearchAction","target":{"@type":"EntryPoint","urlTemplate":"https:\/\/www.area.swishbynbn23.com\/pt-pt\/?s={search_term_string}"},"query-input":{"@type":"PropertyValueSpecification","valueRequired":true,"valueName":"search_term_string"}}],"inLanguage":"pt-PT"},{"@type":"Organization","@id":"https:\/\/www.area.swishbynbn23.com\/pt-pt\/#organization","name":"NBN23","url":"https:\/\/www.area.swishbynbn23.com\/pt-pt\/","logo":{"@type":"ImageObject","inLanguage":"pt-PT","@id":"https:\/\/www.area.swishbynbn23.com\/pt-pt\/#\/schema\/logo\/image\/","url":"https:\/\/www.area.swishbynbn23.com\/wp-content\/uploads\/2024\/08\/logo-swish-pay-dark.png","contentUrl":"https:\/\/www.area.swishbynbn23.com\/wp-content\/uploads\/2024\/08\/logo-swish-pay-dark.png","width":249,"height":40,"caption":"NBN23"},"image":{"@id":"https:\/\/www.area.swishbynbn23.com\/pt-pt\/#\/schema\/logo\/image\/"}}]}},"_links":{"self":[{"href":"https:\/\/www.area.swishbynbn23.com\/pt-pt\/wp-json\/wp\/v2\/pages\/2085","targetHints":{"allow":["GET"]}}],"collection":[{"href":"https:\/\/www.area.swishbynbn23.com\/pt-pt\/wp-json\/wp\/v2\/pages"}],"about":[{"href":"https:\/\/www.area.swishbynbn23.com\/pt-pt\/wp-json\/wp\/v2\/types\/page"}],"author":[{"embeddable":true,"href":"https:\/\/www.area.swishbynbn23.com\/pt-pt\/wp-json\/wp\/v2\/users\/7"}],"replies":[{"embeddable":true,"href":"https:\/\/www.area.swishbynbn23.com\/pt-pt\/wp-json\/wp\/v2\/comments?post=2085"}],"version-history":[{"count":2,"href":"https:\/\/www.area.swishbynbn23.com\/pt-pt\/wp-json\/wp\/v2\/pages\/2085\/revisions"}],"predecessor-version":[{"id":2309,"href":"https:\/\/www.area.swishbynbn23.com\/pt-pt\/wp-json\/wp\/v2\/pages\/2085\/revisions\/2309"}],"wp:attachment":[{"href":"https:\/\/www.area.swishbynbn23.com\/pt-pt\/wp-json\/wp\/v2\/media?parent=2085"}],"curies":[{"name":"wp","href":"https:\/\/api.w.org\/{rel}","templated":true}]}}